{"id":283,"date":"2024-11-27T11:58:29","date_gmt":"2024-11-27T10:58:29","guid":{"rendered":"https:\/\/zabouenfolie.fr\/?post_type=product&#038;p=283"},"modified":"2024-11-30T22:59:20","modified_gmt":"2024-11-30T21:59:20","slug":"etui-a-couvert","status":"publish","type":"product","link":"https:\/\/zabouenfolie.fr\/?product=etui-a-couvert","title":{"rendered":"Etui \u00e0 couvert"},"content":{"rendered":"<p class=\"p1\"><span class=\"s1\">Description de produit : \u00c9tui \u00e0 couverts fait main<\/span><\/p>\n<p class=\"p3\"><span class=\"s2\">D\u00e9couvrez l\u2019\u00e9l\u00e9gance et la praticit\u00e9 de nos <\/span><span class=\"s3\">\u00e9tuis \u00e0 couverts faits main<\/span><span class=\"s2\">, con\u00e7us pour accompagner vos repas en toute simplicit\u00e9.<\/span><\/p>\n<p class=\"p4\"><span class=\"s2\"> \u2022 <\/span><span class=\"s3\">Design artisanal<\/span><span class=\"s2\"> : Chaque \u00e9tui est minutieusement confectionn\u00e9 \u00e0 la main, garantissant une finition unique et soign\u00e9e.<\/span><\/p>\n<p class=\"p4\"><span class=\"s2\"> \u2022 <\/span><span class=\"s3\">Mat\u00e9riaux durables<\/span><span class=\"s2\"> : Fabriqu\u00e9 \u00e0 partir de tissus de haute qualit\u00e9 (coton), cet \u00e9tui est \u00e0 la fois \u00e9cologique et r\u00e9sistant.<\/span><\/p>\n<p class=\"p4\"><span class=\"s2\"> \u2022 <\/span><span class=\"s3\">Compact et pratique<\/span><span class=\"s2\"> : Id\u00e9al pour transporter vos couverts lors de vos pique-niques, d\u00e9jeuners au bureau ou voyages. Il prot\u00e8ge vos ustensiles tout en les gardant propres.<\/span><\/p>\n<p class=\"p4\"><span class=\"s2\"> \u2022 <\/span><span class=\"s3\">Personnalisable<\/span><span class=\"s2\"> : Choisissez parmi une gamme de motifs, couleurs ou tailles pour un produit qui vous ressemble.<\/span><\/p>\n<p class=\"p3\"><span class=\"s2\">Parfait pour un mode de vie z\u00e9ro d\u00e9chet ou comme cadeau original, cet \u00e9tui est un incontournable pour les amateurs de praticit\u00e9 et de style.<\/span><\/p>\n","protected":false},"excerpt":{"rendered":"<p class=\"p1\"><span class=\"s1\">\u00c9tui \u00e0 couverts fait main, alliant design artisanal et mat\u00e9riaux durables, id\u00e9al pour transporter vos ustensiles proprement et avec style. Compact, pratique et personnalisable, il s\u2019adapte \u00e0 vos besoins du quotidien ou \u00e0 vos d\u00e9placements.<\/span><\/p>\n","protected":false},"featured_media":292,"comment_status":"open","ping_status":"closed","template":"","meta":[],"product_brand":[],"product_cat":[22],"product_tag":[],"class_list":{"0":"post-283","1":"product","2":"type-product","3":"status-publish","4":"has-post-thumbnail","6":"product_cat-cuisine","8":"first","9":"instock","10":"shipping-taxable","11":"purchasable","12":"product-type-variable"},"jetpack_sharing_enabled":true,"_links":{"self":[{"href":"https:\/\/zabouenfolie.fr\/index.php?rest_route=\/wp\/v2\/product\/283","targetHints":{"allow":["GET"]}}],"collection":[{"href":"https:\/\/zabouenfolie.fr\/index.php?rest_route=\/wp\/v2\/product"}],"about":[{"href":"https:\/\/zabouenfolie.fr\/index.php?rest_route=\/wp\/v2\/types\/product"}],"replies":[{"embeddable":true,"href":"https:\/\/zabouenfolie.fr\/index.php?rest_route=%2Fwp%2Fv2%2Fcomments&post=283"}],"wp:featuredmedia":[{"embeddable":true,"href":"https:\/\/zabouenfolie.fr\/index.php?rest_route=\/wp\/v2\/media\/292"}],"wp:attachment":[{"href":"https:\/\/zabouenfolie.fr\/index.php?rest_route=%2Fwp%2Fv2%2Fmedia&parent=283"}],"wp:term":[{"taxonomy":"product_brand","embeddable":true,"href":"https:\/\/zabouenfolie.fr\/index.php?rest_route=%2Fwp%2Fv2%2Fproduct_brand&post=283"},{"taxonomy":"product_cat","embeddable":true,"href":"https:\/\/zabouenfolie.fr\/index.php?rest_route=%2Fwp%2Fv2%2Fproduct_cat&post=283"},{"taxonomy":"product_tag","embeddable":true,"href":"https:\/\/zabouenfolie.fr\/index.php?rest_route=%2Fwp%2Fv2%2Fproduct_tag&post=283"}],"curies":[{"name":"wp","href":"https:\/\/api.w.org\/{rel}","templated":true}]}}