{"id":222,"date":"2024-10-05T23:46:19","date_gmt":"2024-10-05T21:46:19","guid":{"rendered":"https:\/\/zabouenfolie.fr\/?post_type=product&#038;p=222"},"modified":"2024-11-30T22:54:57","modified_gmt":"2024-11-30T21:54:57","slug":"sac-en-tissu","status":"publish","type":"product","link":"https:\/\/zabouenfolie.fr\/?product=sac-en-tissu","title":{"rendered":"Sac Panier"},"content":{"rendered":"<p>Ce produit fait main en tissu est une pi\u00e8ce unique, con\u00e7ue avec soin et pr\u00e9cision pour allier esth\u00e9tisme et qualit\u00e9. Fabriqu\u00e9 artisanalement, il se distingue par l\u2019attention aux d\u00e9tails et l\u2019utilisation de mat\u00e9riaux durables, offrant ainsi un charme authentique et une touche personnalis\u00e9e \u00e0 votre int\u00e9rieur ou votre garde-robe.<\/p>\n","protected":false},"excerpt":{"rendered":"<p>Ce produit fait main en tissu est une pi\u00e8ce unique, con\u00e7ue avec soin et pr\u00e9cision pour allier esth\u00e9tisme et qualit\u00e9. Fabriqu\u00e9 artisanalement, il se distingue par l\u2019attention aux d\u00e9tails et l\u2019utilisation de mat\u00e9riaux durables, offrant ainsi un charme authentique et une touche personnalis\u00e9e \u00e0 votre int\u00e9rieur ou votre garde-robe.<\/p>\n","protected":false},"featured_media":290,"comment_status":"open","ping_status":"closed","template":"","meta":[],"product_brand":[],"product_cat":[27],"product_tag":[],"class_list":{"0":"post-222","1":"product","2":"type-product","3":"status-publish","4":"has-post-thumbnail","6":"product_cat-accessoires","8":"first","9":"onbackorder","10":"shipping-taxable","11":"purchasable","12":"product-type-variable"},"jetpack_sharing_enabled":true,"_links":{"self":[{"href":"https:\/\/zabouenfolie.fr\/index.php?rest_route=\/wp\/v2\/product\/222","targetHints":{"allow":["GET"]}}],"collection":[{"href":"https:\/\/zabouenfolie.fr\/index.php?rest_route=\/wp\/v2\/product"}],"about":[{"href":"https:\/\/zabouenfolie.fr\/index.php?rest_route=\/wp\/v2\/types\/product"}],"replies":[{"embeddable":true,"href":"https:\/\/zabouenfolie.fr\/index.php?rest_route=%2Fwp%2Fv2%2Fcomments&post=222"}],"wp:featuredmedia":[{"embeddable":true,"href":"https:\/\/zabouenfolie.fr\/index.php?rest_route=\/wp\/v2\/media\/290"}],"wp:attachment":[{"href":"https:\/\/zabouenfolie.fr\/index.php?rest_route=%2Fwp%2Fv2%2Fmedia&parent=222"}],"wp:term":[{"taxonomy":"product_brand","embeddable":true,"href":"https:\/\/zabouenfolie.fr\/index.php?rest_route=%2Fwp%2Fv2%2Fproduct_brand&post=222"},{"taxonomy":"product_cat","embeddable":true,"href":"https:\/\/zabouenfolie.fr\/index.php?rest_route=%2Fwp%2Fv2%2Fproduct_cat&post=222"},{"taxonomy":"product_tag","embeddable":true,"href":"https:\/\/zabouenfolie.fr\/index.php?rest_route=%2Fwp%2Fv2%2Fproduct_tag&post=222"}],"curies":[{"name":"wp","href":"https:\/\/api.w.org\/{rel}","templated":true}]}}