{"id":220,"date":"2024-10-05T21:18:43","date_gmt":"2024-10-05T19:18:43","guid":{"rendered":"https:\/\/zabouenfolie.fr\/?post_type=product&#038;p=220"},"modified":"2024-10-05T21:25:50","modified_gmt":"2024-10-05T19:25:50","slug":"set-de-table","status":"publish","type":"product","link":"https:\/\/zabouenfolie.fr\/?product=set-de-table","title":{"rendered":"Set de table"},"content":{"rendered":"<p>Un set de table est un accessoire indispensable pour prot\u00e9ger et d\u00e9corer votre table lors des repas. Il se compose g\u00e9n\u00e9ralement de plusieurs pi\u00e8ces rectangulaires ou rondes, en tissu.. Ce set sert \u00e0 prot\u00e9ger la surface de la table contre les taches, les rayures et la chaleur des assiettes et plats. En plus de leur fonction protectrice, les sets de table sont souvent choisis pour ajouter une touche esth\u00e9tique \u00e0 votre d\u00e9coration, disponibles dans une vari\u00e9t\u00e9 de couleurs, de motifs et de textures. Facile \u00e0 nettoyer, le set de table allie praticit\u00e9 et style pour embellir votre exp\u00e9rience \u00e0 table au quotidien.<\/p>\n","protected":false},"excerpt":{"rendered":"<p>Un set de table prot\u00e8ge la surface de la table contre les taches, rayures et chaleur, tout en apportant une touche d\u00e9corative. Il est \u00e0 la fois pratique et esth\u00e9tique.<\/p>\n","protected":false},"featured_media":180,"comment_status":"open","ping_status":"closed","template":"","meta":[],"product_brand":[],"product_cat":[25],"product_tag":[],"class_list":{"0":"post-220","1":"product","2":"type-product","3":"status-publish","4":"has-post-thumbnail","6":"product_cat-table-a-manger","8":"first","9":"instock","10":"shipping-taxable","11":"purchasable","12":"product-type-simple"},"jetpack_sharing_enabled":true,"_links":{"self":[{"href":"https:\/\/zabouenfolie.fr\/index.php?rest_route=\/wp\/v2\/product\/220","targetHints":{"allow":["GET"]}}],"collection":[{"href":"https:\/\/zabouenfolie.fr\/index.php?rest_route=\/wp\/v2\/product"}],"about":[{"href":"https:\/\/zabouenfolie.fr\/index.php?rest_route=\/wp\/v2\/types\/product"}],"replies":[{"embeddable":true,"href":"https:\/\/zabouenfolie.fr\/index.php?rest_route=%2Fwp%2Fv2%2Fcomments&post=220"}],"wp:featuredmedia":[{"embeddable":true,"href":"https:\/\/zabouenfolie.fr\/index.php?rest_route=\/wp\/v2\/media\/180"}],"wp:attachment":[{"href":"https:\/\/zabouenfolie.fr\/index.php?rest_route=%2Fwp%2Fv2%2Fmedia&parent=220"}],"wp:term":[{"taxonomy":"product_brand","embeddable":true,"href":"https:\/\/zabouenfolie.fr\/index.php?rest_route=%2Fwp%2Fv2%2Fproduct_brand&post=220"},{"taxonomy":"product_cat","embeddable":true,"href":"https:\/\/zabouenfolie.fr\/index.php?rest_route=%2Fwp%2Fv2%2Fproduct_cat&post=220"},{"taxonomy":"product_tag","embeddable":true,"href":"https:\/\/zabouenfolie.fr\/index.php?rest_route=%2Fwp%2Fv2%2Fproduct_tag&post=220"}],"curies":[{"name":"wp","href":"https:\/\/api.w.org\/{rel}","templated":true}]}}