{"id":159,"date":"2024-10-05T14:26:51","date_gmt":"2024-10-05T12:26:51","guid":{"rendered":"https:\/\/zabouenfolie.fr\/?post_type=product&#038;p=159"},"modified":"2024-11-27T11:39:45","modified_gmt":"2024-11-27T10:39:45","slug":"peluche","status":"publish","type":"product","link":"https:\/\/zabouenfolie.fr\/?product=peluche","title":{"rendered":"Ourson peluche assis"},"content":{"rendered":"<p>La peluche faite main en tissu est un compagnon doux et r\u00e9confortant, confectionn\u00e9 avec soin et attention aux d\u00e9tails. Fabriqu\u00e9e \u00e0 partir de tissus de qualit\u00e9, elle pr\u00e9sente des textures agr\u00e9ables au toucher et des couleurs attrayantes. Chaque peluche est unique, avec des finitions artisanales qui lui donnent un charme particulier. Parfaite pour les enfants, elle stimule l\u2019imagination et offre un sentiment de s\u00e9curit\u00e9, tout en \u00e9tant un \u00e9l\u00e9ment d\u00e9coratif dans une chambre. \u00c9cologique et durable, cette peluche est un choix id\u00e9al pour les parents soucieux de l\u2019environnement.<\/p>\n","protected":false},"excerpt":{"rendered":"<p>La peluche faite main en tissu est un compagnon doux et unique, confectionn\u00e9 avec des mat\u00e9riaux de qualit\u00e9 et des finitions artisanales. \u00c9cologique et durable, elle offre r\u00e9confort et imagination aux enfants tout en \u00e9tant d\u00e9corative.<\/p>\n","protected":false},"featured_media":172,"comment_status":"open","ping_status":"closed","template":"","meta":[],"product_brand":[],"product_cat":[23],"product_tag":[],"class_list":{"0":"post-159","1":"product","2":"type-product","3":"status-publish","4":"has-post-thumbnail","6":"product_cat-bebe","8":"first","9":"instock","10":"shipping-taxable","11":"purchasable","12":"product-type-simple"},"jetpack_sharing_enabled":true,"_links":{"self":[{"href":"https:\/\/zabouenfolie.fr\/index.php?rest_route=\/wp\/v2\/product\/159","targetHints":{"allow":["GET"]}}],"collection":[{"href":"https:\/\/zabouenfolie.fr\/index.php?rest_route=\/wp\/v2\/product"}],"about":[{"href":"https:\/\/zabouenfolie.fr\/index.php?rest_route=\/wp\/v2\/types\/product"}],"replies":[{"embeddable":true,"href":"https:\/\/zabouenfolie.fr\/index.php?rest_route=%2Fwp%2Fv2%2Fcomments&post=159"}],"wp:featuredmedia":[{"embeddable":true,"href":"https:\/\/zabouenfolie.fr\/index.php?rest_route=\/wp\/v2\/media\/172"}],"wp:attachment":[{"href":"https:\/\/zabouenfolie.fr\/index.php?rest_route=%2Fwp%2Fv2%2Fmedia&parent=159"}],"wp:term":[{"taxonomy":"product_brand","embeddable":true,"href":"https:\/\/zabouenfolie.fr\/index.php?rest_route=%2Fwp%2Fv2%2Fproduct_brand&post=159"},{"taxonomy":"product_cat","embeddable":true,"href":"https:\/\/zabouenfolie.fr\/index.php?rest_route=%2Fwp%2Fv2%2Fproduct_cat&post=159"},{"taxonomy":"product_tag","embeddable":true,"href":"https:\/\/zabouenfolie.fr\/index.php?rest_route=%2Fwp%2Fv2%2Fproduct_tag&post=159"}],"curies":[{"name":"wp","href":"https:\/\/api.w.org\/{rel}","templated":true}]}}