{"id":156,"date":"2024-10-05T14:16:41","date_gmt":"2024-10-05T12:16:41","guid":{"rendered":"https:\/\/zabouenfolie.fr\/?post_type=product&#038;p=156"},"modified":"2024-11-30T23:04:57","modified_gmt":"2024-11-30T22:04:57","slug":"jouet-de-poussette","status":"publish","type":"product","link":"https:\/\/zabouenfolie.fr\/?product=jouet-de-poussette","title":{"rendered":"Jouet de poussette"},"content":{"rendered":"<p>Un jouet de poussette fait main est un accessoire con\u00e7u pour divertir et stimuler le b\u00e9b\u00e9 pendant les promenades. Chaque jouet est soigneusement confectionn\u00e9 \u00e0 partir de mat\u00e9riaux naturels, souvent du coton, du bois ou des fibres douces et durables, assurant \u00e0 la fois s\u00e9curit\u00e9 et confort pour les tout-petits. Gr\u00e2ce \u00e0 son design unique.<\/p>\n<p>Facile \u00e0 accrocher \u00e0 la poussette gr\u00e2ce \u00e0 un clip ou une attache, ce jouet offre une touche artisanale et originale, tout en \u00e9tant respectueux de l\u2019environnement. En plus de sa fonction ludique, il contribue au d\u00e9veloppement sensoriel et moteur des enfants en bas \u00e2ge. Id\u00e9al pour les parents \u00e0 la recherche d\u2019un accessoire pratique, esth\u00e9tique et \u00e9thique.<\/p>\n","protected":false},"excerpt":{"rendered":"<p>Un jouet de poussette fait main, en mat\u00e9riaux naturels, divertit b\u00e9b\u00e9 tout en stimulant ses sens. Pratique, s\u00fbr et respectueux de l\u2019environnement.<\/p>\n","protected":false},"featured_media":188,"comment_status":"open","ping_status":"closed","template":"","meta":[],"product_brand":[],"product_cat":[23],"product_tag":[],"class_list":{"0":"post-156","1":"product","2":"type-product","3":"status-publish","4":"has-post-thumbnail","6":"product_cat-bebe","8":"first","9":"instock","10":"shipping-taxable","11":"purchasable","12":"product-type-simple"},"jetpack_sharing_enabled":true,"_links":{"self":[{"href":"https:\/\/zabouenfolie.fr\/index.php?rest_route=\/wp\/v2\/product\/156","targetHints":{"allow":["GET"]}}],"collection":[{"href":"https:\/\/zabouenfolie.fr\/index.php?rest_route=\/wp\/v2\/product"}],"about":[{"href":"https:\/\/zabouenfolie.fr\/index.php?rest_route=\/wp\/v2\/types\/product"}],"replies":[{"embeddable":true,"href":"https:\/\/zabouenfolie.fr\/index.php?rest_route=%2Fwp%2Fv2%2Fcomments&post=156"}],"wp:featuredmedia":[{"embeddable":true,"href":"https:\/\/zabouenfolie.fr\/index.php?rest_route=\/wp\/v2\/media\/188"}],"wp:attachment":[{"href":"https:\/\/zabouenfolie.fr\/index.php?rest_route=%2Fwp%2Fv2%2Fmedia&parent=156"}],"wp:term":[{"taxonomy":"product_brand","embeddable":true,"href":"https:\/\/zabouenfolie.fr\/index.php?rest_route=%2Fwp%2Fv2%2Fproduct_brand&post=156"},{"taxonomy":"product_cat","embeddable":true,"href":"https:\/\/zabouenfolie.fr\/index.php?rest_route=%2Fwp%2Fv2%2Fproduct_cat&post=156"},{"taxonomy":"product_tag","embeddable":true,"href":"https:\/\/zabouenfolie.fr\/index.php?rest_route=%2Fwp%2Fv2%2Fproduct_tag&post=156"}],"curies":[{"name":"wp","href":"https:\/\/api.w.org\/{rel}","templated":true}]}}