{"id":153,"date":"2024-10-05T11:44:31","date_gmt":"2024-10-05T09:44:31","guid":{"rendered":"https:\/\/zabouenfolie.fr\/?post_type=product&#038;p=153"},"modified":"2024-11-27T10:27:37","modified_gmt":"2024-11-27T09:27:37","slug":"disque-demaquillant-x6","status":"publish","type":"product","link":"https:\/\/zabouenfolie.fr\/?product=disque-demaquillant-x6","title":{"rendered":"Disque d\u00e9maquillant x6"},"content":{"rendered":"<p>Les disques d\u00e9maquillants en tissu, vendus en lot de 6, sont une alternative \u00e9cologique et \u00e9conomique aux cotons jetables. Fabriqu\u00e9s \u00e0 partir de mat\u00e9riaux doux et durables, comme le coton ou le bambou, ces disques offrent un d\u00e9maquillage efficace tout en respectant les peaux sensibles. Leur texture d\u00e9licate permet d\u2019\u00e9liminer le maquillage et les impuret\u00e9s sans irriter la peau, tout en assurant une absorption optimale.<\/p>\n<p>R\u00e9utilisables et lavables en machine, ces disques sont non seulement bons pour votre peau, mais aussi pour la plan\u00e8te, en r\u00e9duisant les d\u00e9chets quotidiens. Polyvalents, ils peuvent \u00eatre utilis\u00e9s avec tous types de produits d\u00e9maquillants : lait, eau micellaire, huile, ou simplement \u00e0 l\u2019eau.<\/p>\n","protected":false},"excerpt":{"rendered":"<p>Compact et facile \u00e0 transporter, ce lot de 6 disques est parfait pour une utilisation quotidienne \u00e0 la maison ou en d\u00e9placement. Faites le choix du durable sans compromis sur la qualit\u00e9 de votre routine beaut\u00e9 avec ces disques d\u00e9maquillants lavables.<\/p>\n","protected":false},"featured_media":200,"comment_status":"open","ping_status":"closed","template":"","meta":[],"product_brand":[],"product_cat":[24],"product_tag":[],"class_list":{"0":"post-153","1":"product","2":"type-product","3":"status-publish","4":"has-post-thumbnail","6":"product_cat-salle-de-bain","8":"first","9":"instock","10":"shipping-taxable","11":"purchasable","12":"product-type-simple"},"jetpack_sharing_enabled":true,"_links":{"self":[{"href":"https:\/\/zabouenfolie.fr\/index.php?rest_route=\/wp\/v2\/product\/153","targetHints":{"allow":["GET"]}}],"collection":[{"href":"https:\/\/zabouenfolie.fr\/index.php?rest_route=\/wp\/v2\/product"}],"about":[{"href":"https:\/\/zabouenfolie.fr\/index.php?rest_route=\/wp\/v2\/types\/product"}],"replies":[{"embeddable":true,"href":"https:\/\/zabouenfolie.fr\/index.php?rest_route=%2Fwp%2Fv2%2Fcomments&post=153"}],"wp:featuredmedia":[{"embeddable":true,"href":"https:\/\/zabouenfolie.fr\/index.php?rest_route=\/wp\/v2\/media\/200"}],"wp:attachment":[{"href":"https:\/\/zabouenfolie.fr\/index.php?rest_route=%2Fwp%2Fv2%2Fmedia&parent=153"}],"wp:term":[{"taxonomy":"product_brand","embeddable":true,"href":"https:\/\/zabouenfolie.fr\/index.php?rest_route=%2Fwp%2Fv2%2Fproduct_brand&post=153"},{"taxonomy":"product_cat","embeddable":true,"href":"https:\/\/zabouenfolie.fr\/index.php?rest_route=%2Fwp%2Fv2%2Fproduct_cat&post=153"},{"taxonomy":"product_tag","embeddable":true,"href":"https:\/\/zabouenfolie.fr\/index.php?rest_route=%2Fwp%2Fv2%2Fproduct_tag&post=153"}],"curies":[{"name":"wp","href":"https:\/\/api.w.org\/{rel}","templated":true}]}}