{"id":150,"date":"2024-10-05T11:31:20","date_gmt":"2024-10-05T09:31:20","guid":{"rendered":"https:\/\/zabouenfolie.fr\/?post_type=product&#038;p=150"},"modified":"2024-11-30T23:06:14","modified_gmt":"2024-11-30T22:06:14","slug":"collier-de-dentition","status":"publish","type":"product","link":"https:\/\/zabouenfolie.fr\/?product=collier-de-dentition","title":{"rendered":"Colliers de dentition"},"content":{"rendered":"<p>Les colliers de dentition sont des accessoires pratiques et \u00e9l\u00e9gants con\u00e7us sp\u00e9cifiquement pour soulager les pouss\u00e9es dentaires des b\u00e9b\u00e9s tout en offrant un style moderne pour les mamans. Doux et souples, ils permettent aux b\u00e9b\u00e9s de m\u00e2chouiller en toute s\u00e9curit\u00e9, soulageant ainsi les douleurs dentaires et stimulant leurs gencives.<\/p>\n<p>Leur design est \u00e0 la fois tendance et fonctionnel, avec des perles color\u00e9es qui attirent l\u2019attention des tout-petits tout en restant l\u00e9g\u00e8res et confortables \u00e0 porter pour les parents.<\/p>\n","protected":false},"excerpt":{"rendered":"<p>Les colliers de dentition allient mode et utilit\u00e9, offrant un soulagement aux b\u00e9b\u00e9s tout en compl\u00e9tant les tenues des mamans avec une touche de style.<\/p>\n","protected":false},"featured_media":167,"comment_status":"open","ping_status":"closed","template":"","meta":[],"product_brand":[],"product_cat":[23],"product_tag":[],"class_list":{"0":"post-150","1":"product","2":"type-product","3":"status-publish","4":"has-post-thumbnail","6":"product_cat-bebe","8":"first","9":"instock","10":"shipping-taxable","11":"purchasable","12":"product-type-simple"},"jetpack_sharing_enabled":true,"_links":{"self":[{"href":"https:\/\/zabouenfolie.fr\/index.php?rest_route=\/wp\/v2\/product\/150","targetHints":{"allow":["GET"]}}],"collection":[{"href":"https:\/\/zabouenfolie.fr\/index.php?rest_route=\/wp\/v2\/product"}],"about":[{"href":"https:\/\/zabouenfolie.fr\/index.php?rest_route=\/wp\/v2\/types\/product"}],"replies":[{"embeddable":true,"href":"https:\/\/zabouenfolie.fr\/index.php?rest_route=%2Fwp%2Fv2%2Fcomments&post=150"}],"wp:featuredmedia":[{"embeddable":true,"href":"https:\/\/zabouenfolie.fr\/index.php?rest_route=\/wp\/v2\/media\/167"}],"wp:attachment":[{"href":"https:\/\/zabouenfolie.fr\/index.php?rest_route=%2Fwp%2Fv2%2Fmedia&parent=150"}],"wp:term":[{"taxonomy":"product_brand","embeddable":true,"href":"https:\/\/zabouenfolie.fr\/index.php?rest_route=%2Fwp%2Fv2%2Fproduct_brand&post=150"},{"taxonomy":"product_cat","embeddable":true,"href":"https:\/\/zabouenfolie.fr\/index.php?rest_route=%2Fwp%2Fv2%2Fproduct_cat&post=150"},{"taxonomy":"product_tag","embeddable":true,"href":"https:\/\/zabouenfolie.fr\/index.php?rest_route=%2Fwp%2Fv2%2Fproduct_tag&post=150"}],"curies":[{"name":"wp","href":"https:\/\/api.w.org\/{rel}","templated":true}]}}