{"id":98,"date":"2024-10-01T23:08:44","date_gmt":"2024-10-01T21:08:44","guid":{"rendered":"https:\/\/zabouenfolie.fr\/?page_id=98"},"modified":"2024-10-02T13:46:57","modified_gmt":"2024-10-02T11:46:57","slug":"bienvenue-sur-zabouenfolie","status":"publish","type":"page","link":"https:\/\/zabouenfolie.fr\/","title":{"rendered":"Bienvenue sur ZabouEnFolie !"},"content":{"rendered":"\n<p id=\"block-18fe8567-9460-409f-85e0-a45facf6362d\">Nous sommes ravis de vous accueillir dans notre univers d\u00e9di\u00e9 \u00e0 la couture &amp; aux cr\u00e9ations. Que vous soyez ici pour d\u00e9couvrir nos services, en apprendre davantage sur nos produits, ou simplement explorer notre contenu, nous avons \u00e0 c\u0153ur de vous offrir une exp\u00e9rience unique.<\/p>\n\n\n\n<p id=\"block-e7159e3c-b3b8-4e53-baf5-743794d94629\">Chez ZabouEnFolie, nous croyons en la qualit\u00e9 de l&rsquo;artisanat. Notre \u00e9quipe met tout en \u0153uvre pour vous accompagner, vous inspirer et vous apporter les solutions les plus adapt\u00e9es \u00e0 vos besoins.<\/p>\n\n\n\n<p id=\"block-bad35976-0c1a-46f3-b058-86172027758f\">Prenez le temps de parcourir notre site et n\u2019h\u00e9sitez pas \u00e0 nous contacter pour toute question ou demande d\u2019information. Nous sommes l\u00e0 pour vous aider !<\/p>\n\n\n\n<p id=\"block-27ba1aee-d11f-457c-86b6-1b144a1b8bdb\"><strong>Merci de votre visite et \u00e0 tr\u00e8s bient\u00f4t !<\/strong><\/p>\n\n\n\n<hr class=\"wp-block-separator has-alpha-channel-opacity\" id=\"block-258c03bb-c4d8-4d21-a258-d730d1dcbece\"\/>\n\n\n\n<p id=\"block-b935b9b8-87e8-4e7e-84ca-9f0e98934340\"><\/p>\n","protected":false},"excerpt":{"rendered":"<p>Nous sommes ravis de vous accueillir dans notre univers d\u00e9di\u00e9 \u00e0 la couture &amp; aux cr\u00e9ations. Que vous soyez ici pour d\u00e9couvrir nos services, en apprendre davantage sur nos produits, ou simplement explorer notre contenu, nous avons \u00e0 c\u0153ur de vous offrir une exp\u00e9rience unique. Chez ZabouEnFolie, nous croyons en la qualit\u00e9 de l&rsquo;artisanat. Notre &hellip; <\/p>\n<p class=\"link-more\"><a href=\"https:\/\/zabouenfolie.fr\/\" class=\"more-link\">Continuer la lecture<span class=\"screen-reader-text\"> de &laquo;&nbsp;Bienvenue sur ZabouEnFolie !&nbsp;&raquo;<\/span><\/a><\/p>\n","protected":false},"author":1,"featured_media":0,"parent":0,"menu_order":0,"comment_status":"closed","ping_status":"closed","template":"","meta":{"footnotes":""},"class_list":["post-98","page","type-page","status-publish","hentry"],"jetpack_sharing_enabled":true,"_links":{"self":[{"href":"https:\/\/zabouenfolie.fr\/index.php?rest_route=\/wp\/v2\/pages\/98","targetHints":{"allow":["GET"]}}],"collection":[{"href":"https:\/\/zabouenfolie.fr\/index.php?rest_route=\/wp\/v2\/pages"}],"about":[{"href":"https:\/\/zabouenfolie.fr\/index.php?rest_route=\/wp\/v2\/types\/page"}],"author":[{"embeddable":true,"href":"https:\/\/zabouenfolie.fr\/index.php?rest_route=\/wp\/v2\/users\/1"}],"replies":[{"embeddable":true,"href":"https:\/\/zabouenfolie.fr\/index.php?rest_route=%2Fwp%2Fv2%2Fcomments&post=98"}],"version-history":[{"count":2,"href":"https:\/\/zabouenfolie.fr\/index.php?rest_route=\/wp\/v2\/pages\/98\/revisions"}],"predecessor-version":[{"id":112,"href":"https:\/\/zabouenfolie.fr\/index.php?rest_route=\/wp\/v2\/pages\/98\/revisions\/112"}],"wp:attachment":[{"href":"https:\/\/zabouenfolie.fr\/index.php?rest_route=%2Fwp%2Fv2%2Fmedia&parent=98"}],"curies":[{"name":"wp","href":"https:\/\/api.w.org\/{rel}","templated":true}]}}